{"id":1670,"date":"2023-10-19T10:56:47","date_gmt":"2023-10-19T08:56:47","guid":{"rendered":"http:\/\/www.conseil-cprd.fr\/index.php\/about\/"},"modified":"2023-11-28T15:08:44","modified_gmt":"2023-11-28T14:08:44","slug":"notre-philosophie","status":"publish","type":"page","link":"https:\/\/www.conseil-cprd.fr\/index.php\/notre-philosophie\/","title":{"rendered":"Notre philosophie"},"content":{"rendered":"\n<div class=\"wp-block-uagb-container uagb-block-8039f386 alignfull uagb-is-root-container\">\n<div class=\"wp-block-uagb-advanced-heading uagb-block-672ad2da\"><h1 class=\"uagb-heading-text\">NOTRE philosophie<\/h1><\/div>\n<\/div>\n\n\n\n<div class=\"wp-block-uagb-advanced-heading uagb-block-b8f95f16 animated fadeInDown\"><h2 class=\"uagb-heading-text\">Notre philosophie est guid\u00e9e par une conviction fondamentale : placer l&rsquo;humain au c\u0153ur de tout ce que nous faisons. Nous consid\u00e9rons chaque patient comme unique, avec des besoins et des aspirations sp\u00e9cifiques. C&rsquo;est cette attention individuelle qui nous pousse \u00e0 d\u00e9velopper des solutions orthop\u00e9diques innovantes et sur mesure, afin d&rsquo;am\u00e9liorer leur qualit\u00e9 de vie.<\/h2><\/div>\n\n\n\t\t\t\t\t<div\n\t\t\t\t\t\tclass=\"wp-block-uagb-image-gallery uagb-block-c9f546b0     \"\n\t\t\t\t\t\tstyle=\"\"\n\t\t\t\t\t>\n\t\t\t\t\t\t\t\t\t\t\t<div class=\"spectra-image-gallery spectra-image-gallery__layout--carousel\">\n\t\t\t\t\t\t\t\t<div class=\"uagb-slick-carousel uagb-block-c9f546b0\">\n\t\t\t\t\t\t\t\t\t\t\t\t<div class='spectra-image-gallery__media-wrapper' data-spectra-gallery-image-id='2104'>\n\t\t\t\t\t\t\t<div class=\"spectra-image-gallery__media spectra-image-gallery__media--carousel\">\n\t\t\t\t<picture>\n\t\t\t\t\t<source media=\"(min-width: 1024px)\" srcset=\"https:\/\/www.conseil-cprd.fr\/wp-content\/uploads\/2023\/07\/pexels-emiliano-arano-1312488-1-scaled.jpg\">\n\t\t\t\t\t<source media=\"(min-width: 768px)\" srcset=\"https:\/\/www.conseil-cprd.fr\/wp-content\/uploads\/2023\/07\/pexels-emiliano-arano-1312488-1-1024x678.jpg\">\n\t\t\t\t\t<img decoding=\"async\" class=\"spectra-image-gallery__media-thumbnail spectra-image-gallery__media-thumbnail--carousel\" src=\"https:\/\/www.conseil-cprd.fr\/wp-content\/uploads\/2023\/07\/pexels-emiliano-arano-1312488-1-300x199.jpg\" alt=\"\" loading=\"lazy\" \/>\n\t\t\t\t<\/picture>\n\t\t\t\t<div class=\"spectra-image-gallery__media-thumbnail-blurrer\"><\/div>\n\t\t\t\t\t\t\t\t\t\t\t<div class=\"spectra-image-gallery__media-thumbnail-caption-wrapper spectra-image-gallery__media-thumbnail-caption-wrapper--overlay\">\n\t\t\t\t\t\t\t\t\t\t\t<div class=\"spectra-image-gallery__media-thumbnail-caption spectra-image-gallery__media-thumbnail-caption--overlay\">\n\t\t\t\t\tResponsabilit\u00e9 Sociale et Environnementale\t\t\t\t<\/div>\n\t\t\t\t\t\t\t\t\t\t<\/div>\n\t\t\t\t\t\t\t\t\t<\/div>\n\t\t\t\t\t\t<\/div>\n\t\t\t\t\t\t<div class='spectra-image-gallery__media-wrapper' data-spectra-gallery-image-id='2105'>\n\t\t\t\t\t\t\t<div class=\"spectra-image-gallery__media spectra-image-gallery__media--carousel\">\n\t\t\t\t<picture>\n\t\t\t\t\t<source media=\"(min-width: 1024px)\" srcset=\"https:\/\/www.conseil-cprd.fr\/wp-content\/uploads\/2023\/07\/pexels-pixabay-210158-scaled.jpg\">\n\t\t\t\t\t<source media=\"(min-width: 768px)\" srcset=\"https:\/\/www.conseil-cprd.fr\/wp-content\/uploads\/2023\/07\/pexels-pixabay-210158-1024x684.jpg\">\n\t\t\t\t\t<img decoding=\"async\" class=\"spectra-image-gallery__media-thumbnail spectra-image-gallery__media-thumbnail--carousel\" src=\"https:\/\/www.conseil-cprd.fr\/wp-content\/uploads\/2023\/07\/pexels-pixabay-210158-300x200.jpg\" alt=\"\" loading=\"lazy\" \/>\n\t\t\t\t<\/picture>\n\t\t\t\t<div class=\"spectra-image-gallery__media-thumbnail-blurrer\"><\/div>\n\t\t\t\t\t\t\t\t\t\t\t<div class=\"spectra-image-gallery__media-thumbnail-caption-wrapper spectra-image-gallery__media-thumbnail-caption-wrapper--overlay\">\n\t\t\t\t\t\t\t\t\t\t\t<div class=\"spectra-image-gallery__media-thumbnail-caption spectra-image-gallery__media-thumbnail-caption--overlay\">\n\t\t\t\t\tInt\u00e9grit\u00e9 et \u00c9thique\t\t\t\t<\/div>\n\t\t\t\t\t\t\t\t\t\t<\/div>\n\t\t\t\t\t\t\t\t\t<\/div>\n\t\t\t\t\t\t<\/div>\n\t\t\t\t\t\t<div class='spectra-image-gallery__media-wrapper' data-spectra-gallery-image-id='2106'>\n\t\t\t\t\t\t\t<div class=\"spectra-image-gallery__media spectra-image-gallery__media--carousel\">\n\t\t\t\t<picture>\n\t\t\t\t\t<source media=\"(min-width: 1024px)\" srcset=\"https:\/\/www.conseil-cprd.fr\/wp-content\/uploads\/2023\/07\/pexels-tara-winstead-8386434-scaled.jpg\">\n\t\t\t\t\t<source media=\"(min-width: 768px)\" srcset=\"https:\/\/www.conseil-cprd.fr\/wp-content\/uploads\/2023\/07\/pexels-tara-winstead-8386434-1024x683.jpg\">\n\t\t\t\t\t<img decoding=\"async\" class=\"spectra-image-gallery__media-thumbnail spectra-image-gallery__media-thumbnail--carousel\" src=\"https:\/\/www.conseil-cprd.fr\/wp-content\/uploads\/2023\/07\/pexels-tara-winstead-8386434-300x200.jpg\" alt=\"\" loading=\"lazy\" \/>\n\t\t\t\t<\/picture>\n\t\t\t\t<div class=\"spectra-image-gallery__media-thumbnail-blurrer\"><\/div>\n\t\t\t\t\t\t\t\t\t\t\t<div class=\"spectra-image-gallery__media-thumbnail-caption-wrapper spectra-image-gallery__media-thumbnail-caption-wrapper--overlay\">\n\t\t\t\t\t\t\t\t\t\t\t<div class=\"spectra-image-gallery__media-thumbnail-caption spectra-image-gallery__media-thumbnail-caption--overlay\">\n\t\t\t\t\tCollaboration et Partenariat\t\t\t\t<\/div>\n\t\t\t\t\t\t\t\t\t\t<\/div>\n\t\t\t\t\t\t\t\t\t<\/div>\n\t\t\t\t\t\t<\/div>\n\t\t\t\t\t\t\t\t\t\t\t<\/div>\n\t\t\t\t\t\t\t<\/div>\n\t\t\t\t\t\t\t\t\t\t\t<\/div>\n\t\t\t\t\t\t\t\t\t\n\n\n<div class=\"wp-block-uagb-advanced-heading uagb-block-fd2320a7 animated fadeInUp\"><h2 class=\"uagb-heading-text\">En mettant l&rsquo;humain au centre de notre travail, nous sommes d\u00e9termin\u00e9s \u00e0 am\u00e9liorer la vie des patients gr\u00e2ce \u00e0 des solutions orthop\u00e9diques de pointe et \u00e0 contribuer positivement \u00e0 la soci\u00e9t\u00e9 et \u00e0 l&rsquo;environnement.<\/h2><\/div>\n\n\n\n<div class=\"wp-block-uagb-container uagb-block-aa3b866b alignfull uagb-is-root-container\"><div class=\"uagb-container-inner-blocks-wrap\"><\/div><\/div>\n\n\n\n<p><\/p>\n","protected":false},"excerpt":{"rendered":"<p>NOTRE philosophie Notre philosophie est guid\u00e9e par une conviction fondamentale : placer l&rsquo;humain au c\u0153ur de tout ce que nous faisons. Nous consid\u00e9rons chaque patient comme unique, avec des besoins et des aspirations sp\u00e9cifiques. C&rsquo;est cette attention individuelle qui nous pousse \u00e0 d\u00e9velopper des solutions orthop\u00e9diques innovantes et sur mesure, afin d&rsquo;am\u00e9liorer leur qualit\u00e9 de &hellip;<\/p>\n<p class=\"read-more\"> <a class=\"\" href=\"https:\/\/www.conseil-cprd.fr\/index.php\/notre-philosophie\/\"> <span class=\"screen-reader-text\">Notre philosophie<\/span> Lire la suite\u00a0\u00bb<\/a><\/p>\n","protected":false},"author":1,"featured_media":0,"parent":0,"menu_order":0,"comment_status":"closed","ping_status":"closed","template":"","meta":{"_gspb_post_css":"","_uag_custom_page_level_css":"","_monsterinsights_skip_tracking":false,"_monsterinsights_sitenote_active":false,"_monsterinsights_sitenote_note":"","_monsterinsights_sitenote_category":0,"_uf_show_specific_survey":0,"_uf_disable_surveys":false,"site-sidebar-layout":"no-sidebar","site-content-layout":"plain-container","ast-site-content-layout":"normal-width-container","site-content-style":"unboxed","site-sidebar-style":"unboxed","ast-global-header-display":"","ast-banner-title-visibility":"","ast-main-header-display":"","ast-hfb-above-header-display":"","ast-hfb-below-header-display":"","ast-hfb-mobile-header-display":"","site-post-title":"disabled","ast-breadcrumbs-content":"","ast-featured-img":"disabled","footer-sml-layout":"","theme-transparent-header-meta":"enabled","adv-header-id-meta":"","stick-header-meta":"","header-above-stick-meta":"","header-main-stick-meta":"","header-below-stick-meta":"","astra-migrate-meta-layouts":"set","footnotes":""},"class_list":["post-1670","page","type-page","status-publish","hentry"],"aioseo_notices":[],"uagb_featured_image_src":{"full":false,"thumbnail":false,"medium":false,"medium_large":false,"large":false,"1536x1536":false,"2048x2048":false},"uagb_author_info":{"display_name":"AP","author_link":"https:\/\/www.conseil-cprd.fr\/index.php\/author\/aliceparent\/"},"uagb_comment_info":0,"uagb_excerpt":"NOTRE philosophie Notre philosophie est guid\u00e9e par une conviction fondamentale : placer l&rsquo;humain au c\u0153ur de tout ce que nous faisons. Nous consid\u00e9rons chaque patient comme unique, avec des besoins et des aspirations sp\u00e9cifiques. C&rsquo;est cette attention individuelle qui nous pousse \u00e0 d\u00e9velopper des solutions orthop\u00e9diques innovantes et sur mesure, afin d&rsquo;am\u00e9liorer leur qualit\u00e9 de\u2026","_links":{"self":[{"href":"https:\/\/www.conseil-cprd.fr\/index.php\/wp-json\/wp\/v2\/pages\/1670","targetHints":{"allow":["GET"]}}],"collection":[{"href":"https:\/\/www.conseil-cprd.fr\/index.php\/wp-json\/wp\/v2\/pages"}],"about":[{"href":"https:\/\/www.conseil-cprd.fr\/index.php\/wp-json\/wp\/v2\/types\/page"}],"author":[{"embeddable":true,"href":"https:\/\/www.conseil-cprd.fr\/index.php\/wp-json\/wp\/v2\/users\/1"}],"replies":[{"embeddable":true,"href":"https:\/\/www.conseil-cprd.fr\/index.php\/wp-json\/wp\/v2\/comments?post=1670"}],"version-history":[{"count":26,"href":"https:\/\/www.conseil-cprd.fr\/index.php\/wp-json\/wp\/v2\/pages\/1670\/revisions"}],"predecessor-version":[{"id":2517,"href":"https:\/\/www.conseil-cprd.fr\/index.php\/wp-json\/wp\/v2\/pages\/1670\/revisions\/2517"}],"wp:attachment":[{"href":"https:\/\/www.conseil-cprd.fr\/index.php\/wp-json\/wp\/v2\/media?parent=1670"}],"curies":[{"name":"wp","href":"https:\/\/api.w.org\/{rel}","templated":true}]}}